{"id":2055,"date":"2016-02-23T14:27:59","date_gmt":"2016-02-23T14:27:59","guid":{"rendered":"http:\/\/demo.themelogi.com\/wanium\/?page_id=2055"},"modified":"2025-01-12T16:22:16","modified_gmt":"2025-01-12T15:22:16","slug":"health-care","status":"publish","type":"page","link":"https:\/\/integraldata.pl\/","title":{"rendered":"IntegralData"},"content":{"rendered":"<div class=\"wpb-content-wrapper\"><p>[vc_row full_width=&#8221;stretch_row&#8221;][vc_column css_animation=&#8221;left-to-right&#8221; offset=&#8221;vc_col-xs-12&#8243;]<section  id=\"single-69ddae80917b8\" \n\t\t\t\t\t\tclass=\"header-single vertical-flex m0 image-bg parallax  p0 fullscreen \" \n\t\t\t\t\t\tstyle=\"\"><div class=\"background-content\"><img loading=\"lazy\" decoding=\"async\" width=\"1920\" height=\"1281\" src=\"https:\/\/integraldata.pl\/wp-content\/uploads\/2018\/07\/header.jpeg\" class=\"background-image\" alt=\"\" srcset=\"https:\/\/integraldata.pl\/wp-content\/uploads\/2018\/07\/header.jpeg 1920w, https:\/\/integraldata.pl\/wp-content\/uploads\/2018\/07\/header-300x200.jpeg 300w, https:\/\/integraldata.pl\/wp-content\/uploads\/2018\/07\/header-768x512.jpeg 768w, https:\/\/integraldata.pl\/wp-content\/uploads\/2018\/07\/header-1024x683.jpeg 1024w, https:\/\/integraldata.pl\/wp-content\/uploads\/2018\/07\/header-600x400.jpeg 600w\" sizes=\"auto, (max-width: 1920px) 100vw, 1920px\" \/><div style=\"background-color:#0a0a0a; opacity:0.85;opacity:0.25!important;\" class=\"background-overlay\"><\/div><\/div><div  class=\"container vertical-flex-column item-content \">\n\t\t\t            \t<div class=\"row\"><div class=\"standard-slide p0 col-lg-12 col-lg-offset-0 col-md-10 col-md-offset-1 col-sm-12 text-left\"><h1 style=\"text-shadow:none;font-size:50px;line-height:60px;text-transform: none!important;color:#ffffff!important;\" class=\"heading-title-standard\">Wspieramy <strong><cite>Tw\u00f3j Biznes<\/cite><\/strong><\/h1><div style=\"text-shadow:none;font-size:30px;line-height:37px;text-transform: none!important;\" class=\"heading-content\"><\/div>\n                <\/div><\/div>\n\t\t\t            <\/div><\/section><script type=\"text\/javascript\">jQuery(document).ready(function(){jQuery('head').append('<style type=\"text\/css\" id=\"tlg-custom-css-single-69ddae80917b8\">#single-69ddae80917b8 p, #single-69ddae80917b8 div{color:#eeeeee!important;}<\/style>');});<\/script>[\/vc_column][\/vc_row][vc_row css_animation=&#8221;fadeIn&#8221; tlg_background_style=&#8221;bg-primary&#8221; tlg_padding=&#8221;pt64 pb64&#8243; el_id=&#8221;ofirmie&#8221;][vc_column width=&#8221;1\/3&#8243; offset=&#8221;vc_col-xs-12&#8243;]<div class=\"headings-title  wpb_animate_when_almost_visible wpb_bottom-to-top bottom-to-top\"><div class=\"mb16  mb-xs-40 text-left\"><h5  class=\"widgettitle \">O nas<\/h5><div class=\"divider-wrap\"><div  class=\"tlg-divider\"><\/div><\/div><\/div><\/div>[vc_column_text css_animation=&#8221;bottom-to-top&#8221;]<\/p>\n<p align=\"justify\">Specjalizujemy si\u0119 w \u015bwiadczeniu us\u0142ug outsourcingu IT oraz doradztwa i wdro\u017ce\u0144 w zakresie ochrony danych osobowych. \u015awiadczymy us\u0142ugi zewn\u0119trznego informatyka i Inspektora Ochrony Danych Osobowych. Tworzymy strony internetowe.<\/p>\n<p>[\/vc_column_text][\/vc_column][vc_column width=&#8221;1\/3&#8243; offset=&#8221;vc_col-xs-12&#8243;]<div id=\"iconbox-69ddae8091cf2\" class=\" wpb_animate_when_almost_visible wpb_bottom-to-top bottom-to-top   \" style=\"\"><div class=\"icon-link\"><div class=\"display-table mb16 mb-xs-24 text-left\">\n\t\t\t\t    \t\t<div class=\"display-cell vertical-top\">\n\t\t\t\t    \t\t\t<i style=\"font-size:32px!important;\" class=\"ti-bookmark-alt  inline-block mb32 mr-25 l-text fade-color icon-lg\"><\/i>\n\t\t\t\t    \t\t<\/div>\n\t\t\t\t    \t\t<div class=\"display-cell\">\n\t\t\t\t    \t\t\t<h5  class=\"widgettitle mb8\">Inspektor Ochrony Danych<\/h5>\n\t\t\t\t    \t\t\t<div  class=\"widgetsubtitle\"><\/div>\n\t\t\t\t    \t\t\t<div  class=\"icon-content\"><p>Skorzystaj z naszych us\u0142ug i b\u0105d\u017a pewny, \u017ce twoja firma spe\u0142nia wszystkie wymogi RODO.<\/p>\n<\/div>\n\t\t\t\t    \t\t<\/div>\n\t\t\t\t    \t<\/div><\/div><\/div><div class=\"tlg-spacer \" data-height=\"30\" data-height-tablet=\"30\" data-height-mobile=\"30\" style=\"clear:both;display:block;height:30px;\"><\/div><div id=\"iconbox-69ddae8091d65\" class=\" wpb_animate_when_almost_visible wpb_bottom-to-top bottom-to-top   \" style=\"\"><div class=\"icon-link\"><div class=\"display-table mb16 mb-xs-24 text-left\">\n\t\t\t\t    \t\t<div class=\"display-cell vertical-top\">\n\t\t\t\t    \t\t\t<i style=\"font-size:32px!important;\" class=\"ti-desktop  inline-block mb32 mr-25 l-text fade-color icon-lg\"><\/i>\n\t\t\t\t    \t\t<\/div>\n\t\t\t\t    \t\t<div class=\"display-cell\">\n\t\t\t\t    \t\t\t<h5  class=\"widgettitle mb8\">Zewn\u0119trzny Informatyk<\/h5>\n\t\t\t\t    \t\t\t<div  class=\"widgetsubtitle\"><\/div>\n\t\t\t\t    \t\t\t<div  class=\"icon-content\"><p>Zadbamy o sprawne i bezawaryjne dzia\u0142anie komputer\u00f3w i sieci, nie musisz zatrudnia\u0107 dodatkowego pracownika.<\/p>\n<\/div>\n\t\t\t\t    \t\t<\/div>\n\t\t\t\t    \t<\/div><\/div><\/div>[\/vc_column][vc_column width=&#8221;1\/3&#8243; offset=&#8221;vc_col-xs-12&#8243;]<div id=\"iconbox-69ddae8091da3\" class=\" wpb_animate_when_almost_visible wpb_bottom-to-top bottom-to-top   \" style=\"\"><div class=\"icon-link\"><div class=\"display-table mb16 mb-xs-24 text-left\">\n\t\t\t\t    \t\t<div class=\"display-cell vertical-top\">\n\t\t\t\t    \t\t\t<i style=\"font-size:32px!important;\" class=\"ti-harddrives  inline-block mb32 mr-25 l-text fade-color icon-lg\"><\/i>\n\t\t\t\t    \t\t<\/div>\n\t\t\t\t    \t\t<div class=\"display-cell\">\n\t\t\t\t    \t\t\t<h5  class=\"widgettitle mb8\">Doradztwo w zakresie IT<\/h5>\n\t\t\t\t    \t\t\t<div  class=\"widgetsubtitle\"><\/div>\n\t\t\t\t    \t\t\t<div  class=\"icon-content\"><p>Pomo\u017cemy w zakupie, naprawie i bie\u017c\u0105cej obs\u0142udze sprz\u0119tu komputerowego i oprogramowania w twojej firmie.<\/p>\n<\/div>\n\t\t\t\t    \t\t<\/div>\n\t\t\t\t    \t<\/div><\/div><\/div><div class=\"tlg-spacer \" data-height=\"30\" data-height-tablet=\"30\" data-height-mobile=\"30\" style=\"clear:both;display:block;height:30px;\"><\/div><div id=\"iconbox-69ddae8091df1\" class=\" wpb_animate_when_almost_visible wpb_bottom-to-top bottom-to-top   \" style=\"\"><div class=\"icon-link\"><div class=\"display-table mb16 mb-xs-24 text-left\">\n\t\t\t\t    \t\t<div class=\"display-cell vertical-top\">\n\t\t\t\t    \t\t\t<i style=\"font-size:32px!important;\" class=\"ti-world  inline-block mb32 mr-25 l-text fade-color icon-lg\"><\/i>\n\t\t\t\t    \t\t<\/div>\n\t\t\t\t    \t\t<div class=\"display-cell\">\n\t\t\t\t    \t\t\t<h5  class=\"widgettitle mb8\">Tworzenie stron WWW<\/h5>\n\t\t\t\t    \t\t\t<div  class=\"widgetsubtitle\"><\/div>\n\t\t\t\t    \t\t\t<div  class=\"icon-content\"><p>Stworzymy dla Ciebie nowoczesn\u0105 i funkcjonaln\u0105 stron\u0119 WWW, kt\u00f3ra b\u0119dzie twoj\u0105 wizyt\u00f3wk\u0105 w Sieci.<\/p>\n<\/div>\n\t\t\t\t    \t\t<\/div>\n\t\t\t\t    \t<\/div><\/div><\/div>[\/vc_column][\/vc_row][vc_row tlg_padding=&#8221;pb0&#8243; el_id=&#8221;uslugi&#8221;][vc_column offset=&#8221;vc_col-xs-12&#8243;]<div class=\"headings-title  wpb_animate_when_almost_visible wpb_top-to-bottom top-to-bottom\"><div class=\"mb16 mb16 mb-xs-40 text-center\"><h5  class=\"widgettitle mb10\">Zakres naszych us\u0142ug<\/h5><\/div><\/div>[\/vc_column][\/vc_row][vc_row tlg_padding=&#8221;pt0 pb0&#8243; tlg_equal_height=&#8221;equal-height&#8221; css=&#8221;.vc_custom_1530805584650{background-position: center !important;background-repeat: no-repeat !important;background-size: cover !important;}&#8221;][vc_column width=&#8221;1\/3&#8243;]<div  class=\"boxed-intro-content heavy-shadow zoom-hover bg-white  wpb_animate_when_almost_visible wpb_appear appear \">\n\t\t\t\t\t\t\t<div class=\"intro-image border-radious-top overflow-hidden\"><img loading=\"lazy\" decoding=\"async\" width=\"640\" height=\"423\" src=\"https:\/\/integraldata.pl\/wp-content\/uploads\/2018\/07\/inspektor.jpeg\" class=\"background-image\" alt=\"\" srcset=\"https:\/\/integraldata.pl\/wp-content\/uploads\/2018\/07\/inspektor.jpeg 640w, https:\/\/integraldata.pl\/wp-content\/uploads\/2018\/07\/inspektor-300x198.jpeg 300w, https:\/\/integraldata.pl\/wp-content\/uploads\/2018\/07\/inspektor-600x397.jpeg 600w\" sizes=\"auto, (max-width: 640px) 100vw, 640px\" \/>\n\t\t\t\t\t\t\t<\/div>\n\t\t\t\t\t\t\t<div class=\"intro-content pt32 pb16 pl-32 pr-32\"><h5  class=\"widgettitle dark-color mb16\">Zewn\u0119trzny Inspektor Ochrony Danych Osobowych<\/h5><div  class=\"text-color mt24\">Nie musisz zatrudnia\u0107 dodatkowego pracownika aby pe\u0142ni\u0142 rol\u0119 Inspektora Ochrony Danych Osobowych ani ryzykowa\u0107 konfliktu interes\u00f3w mianuj\u0105c inspektorem kt\u00f3rego\u015b z obecnych. Zapewnimy twojej firmie us\u0142ug\u0119 zewn\u0119trznego IODO, kt\u00f3rego wysokie kwalifikacje s\u0105 potwierdzone certyfikatem wydanym przez T\u00dcV S\u00dcD.<\/div><\/div>\n\t\t\t\t\t\t<\/div>[\/vc_column][vc_column width=&#8221;1\/3&#8243;]<div  class=\"boxed-intro-content heavy-shadow zoom-hover bg-white  wpb_animate_when_almost_visible wpb_appear appear \">\n\t\t\t\t\t\t\t<div class=\"intro-image border-radious-top overflow-hidden\"><img loading=\"lazy\" decoding=\"async\" width=\"640\" height=\"426\" src=\"https:\/\/integraldata.pl\/wp-content\/uploads\/2018\/07\/dokumenty.jpeg\" class=\"background-image\" alt=\"\" srcset=\"https:\/\/integraldata.pl\/wp-content\/uploads\/2018\/07\/dokumenty.jpeg 640w, https:\/\/integraldata.pl\/wp-content\/uploads\/2018\/07\/dokumenty-300x200.jpeg 300w, https:\/\/integraldata.pl\/wp-content\/uploads\/2018\/07\/dokumenty-600x399.jpeg 600w\" sizes=\"auto, (max-width: 640px) 100vw, 640px\" \/>\n\t\t\t\t\t\t\t<\/div>\n\t\t\t\t\t\t\t<div class=\"intro-content pt32 pb16 pl-32 pr-32\"><h5  class=\"widgettitle dark-color mb16\">Dokumentacja RODO<\/h5><div  class=\"text-color mt24\">Przygotujemy dla twojej firmy kompletn\u0105, dostosowan\u0105 do twojej dzia\u0142alno\u015bci dokumentacj\u0119 zgodn\u0105 z wymaganiami RODO. Dopilnujemy wszelkich obowi\u0105zk\u00f3w jakie masz jako Administrator Danych Osobowych. Sporz\u0105dzimy niezb\u0119dne umowy, zgody, obowi\u0105zki informacyjne i tablice informacyjne. Zadbamy aby twoi klienci wiedzieli, \u017ce ich dane s\u0105 bezpieczne.<\/div><\/div>\n\t\t\t\t\t\t<\/div>[\/vc_column][vc_column width=&#8221;1\/3&#8243;]<div  class=\"boxed-intro-content heavy-shadow zoom-hover bg-white  wpb_animate_when_almost_visible wpb_appear appear \">\n\t\t\t\t\t\t\t<div class=\"intro-image border-radious-top overflow-hidden\"><img loading=\"lazy\" decoding=\"async\" width=\"640\" height=\"426\" src=\"https:\/\/integraldata.pl\/wp-content\/uploads\/2018\/07\/ochrona.jpeg\" class=\"background-image\" alt=\"\" srcset=\"https:\/\/integraldata.pl\/wp-content\/uploads\/2018\/07\/ochrona.jpeg 640w, https:\/\/integraldata.pl\/wp-content\/uploads\/2018\/07\/ochrona-300x200.jpeg 300w, https:\/\/integraldata.pl\/wp-content\/uploads\/2018\/07\/ochrona-600x399.jpeg 600w\" sizes=\"auto, (max-width: 640px) 100vw, 640px\" \/>\n\t\t\t\t\t\t\t<\/div>\n\t\t\t\t\t\t\t<div class=\"intro-content pt32 pb16 pl-32 pr-32\"><h5  class=\"widgettitle dark-color mb16\">Ochrona danych osobowych<\/h5><div  class=\"text-color mt24\">Pomo\u017cemy w organizacji ochrony danych osobowych w twojej firmie. Zorganizujemy spos\u00f3b ich przetwarzania, przechowywania i zabezpieczania. Przeszkolimy twoich pracownik\u00f3w. Doradzimy jakie rozwi\u0105zania techniczne i organizacyjne b\u0119d\u0105 dla twojej firmy odpowiednie. Zadbamy o to, \u017ceby\u015b nie poni\u00f3s\u0142 przy tym \u017cadnych zb\u0119dnych koszt\u00f3w.<\/div><\/div>\n\t\t\t\t\t\t<\/div>[\/vc_column][\/vc_row][vc_row css_animation=&#8221;fadeIn&#8221; tlg_background_style=&#8221;bg-dark&#8221; tlg_padding=&#8221;pt0 pb0&#8243; tlg_enable_overlay=&#8221;yes&#8221; css=&#8221;.vc_custom_1530806111324{margin-top: 50px !important;padding-top: 5% !important;padding-right: 5% !important;padding-bottom: 5% !important;padding-left: 5% !important;background-image: url(http:\/\/integraldata.pl\/wp-content\/uploads\/2018\/07\/IT.jpg?id=5674) !important;background-position: center !important;background-repeat: no-repeat !important;background-size: contain !important;}&#8221; tlg_bg_overlay=&#8221;#0a0a0a&#8221; tlg_bg_overlay_value=&#8221;5&#8243; el_id=&#8221;qqqqqqqqqqqq&#8221;][vc_column width=&#8221;1\/3&#8243; offset=&#8221;vc_col-xs-12&#8243;]<div id=\"iconbox-69ddae8092864\" class=\" wpb_animate_when_almost_visible wpb_bottom-to-top bottom-to-top   \" style=\"\"><div class=\"icon-link\"><div class=\"relative mb0\">\n\t\t\t\t\t\t\t<i  class=\"   inline-block mb32 l-text fade-color icon-lg\"><\/i>\n\t\t\t\t\t\t\t<h5 style=\"font-size:24px!important;line-height:34px;text-transform: uppercase!important;\" class=\"widgettitle mb8\">Zewn\u0119trzny informatyk<\/h5>\n\t\t\t\t\t\t\t<div style=\"text-transform: none!important;\" class=\"widgetsubtitle mb16\"><\/div>\n\t\t\t\t\t\t\t<div  class=\"icon-content\"><p>Nie musisz zatrudnia\u0107 informatyka na pe\u0142en etat je\u015bli charakter twojej dzia\u0142alno\u015bci tego nie wymaga. Proponujemy us\u0142ug\u0119 kompleksowej opieki informatycznej nad twoj\u0105 firm\u0105 zapewniaj\u0105c\u0105 Ci stabilno\u015b\u0107 i bezpiecze\u0144stwo. Zakres opieki i warunki odp\u0142atno\u015bci dla ka\u017cdego klienta ustalamy indywidualnie.<\/p>\n<\/div> \n\t\t\t\t\t\t<\/div><\/div><\/div>[\/vc_column][vc_column width=&#8221;1\/3&#8243;]<div id=\"iconbox-69ddae80928c5\" class=\" wpb_animate_when_almost_visible wpb_bottom-to-top bottom-to-top   \" style=\"\"><div class=\"icon-link\"><div class=\"relative mb0\">\n\t\t\t\t\t\t\t<i  class=\"   inline-block mb32 l-text fade-color icon-lg\"><\/i>\n\t\t\t\t\t\t\t<h5 style=\"font-size:24px!important;line-height:34px;text-transform: uppercase!important;\" class=\"widgettitle mb8\">Wdro\u017cenia informatyczne<\/h5>\n\t\t\t\t\t\t\t<div style=\"text-transform: none!important;\" class=\"widgetsubtitle mb16\"><\/div>\n\t\t\t\t\t\t\t<div  class=\"icon-content\"><p>Oferujemy pomoc przy komputeryzacji biur i firm. Nasze do\u015bwiadczenie pozwala precyzyjnie zaplanowa\u0107 zakup sprz\u0119tu komputerowego odpowiedniego do profilu dzia\u0142alno\u015bci klienta tak, aby idealnie spe\u0142nia\u0142 wymagania nie generuj\u0105c nadmiernych koszt\u00f3w. \u015awiadczymy r\u00f3wnie\u017c us\u0142ug\u0119 instalacji i konfiguracji sprz\u0119tu komputerowego i sieciowego oraz wdro\u017cenia oprogramowania.<\/p>\n<\/div> \n\t\t\t\t\t\t<\/div><\/div><\/div>[\/vc_column][vc_column width=&#8221;1\/3&#8243;]<div id=\"iconbox-69ddae8092900\" class=\" wpb_animate_when_almost_visible wpb_bottom-to-top bottom-to-top   \" style=\"\"><div class=\"icon-link\"><div class=\"relative mb0\">\n\t\t\t\t\t\t\t<i  class=\"   inline-block mb32 l-text fade-color icon-lg\"><\/i>\n\t\t\t\t\t\t\t<h5 style=\"font-size:24px!important;line-height:34px;text-transform: uppercase!important;\" class=\"widgettitle mb8\">Tworzenie stron internetowych<\/h5>\n\t\t\t\t\t\t\t<div style=\"text-transform: none!important;\" class=\"widgetsubtitle mb16\"><\/div>\n\t\t\t\t\t\t\t<div  class=\"icon-content\"><p>Stworzymy dla Ciebie nowoczesn\u0105 i funkcjonaln\u0105 stron\u0119 internetow\u0105, kt\u00f3ra b\u0119dzie doskona\u0142\u0105 wizyt\u00f3wk\u0105 w sieci. U\u017cywamy najnowocze\u015bniejszych technik i wsp\u00f3\u0142pracujemy z najlepszymi grafikami.<\/p>\n<\/div> \n\t\t\t\t\t\t<\/div><\/div><\/div>[\/vc_column][\/vc_row][vc_row tlg_padding=&#8221;pt64 pb64&#8243; tlg_parallax=&#8221;not-parallax&#8221; tlg_text_align=&#8221;text-center&#8221; tlg_vertical_align=&#8221;yes&#8221; el_id=&#8221;kontakt&#8221; css=&#8221;.vc_custom_1558016392291{background-color: #ffffff !important;}&#8221;][vc_column width=&#8221;1\/3&#8243; offset=&#8221;vc_col-xs-12&#8243;]<div class=\"text-center\"><i id=\"icon-69ddae80929ba\" style=\"font-size:32px;margin:0 10px;\" class=\"ti-mobile   wpb_animate_when_almost_visible wpb_appear appear inline-block custom-icon\"><\/i><\/div><div class=\"tlg-spacer \" data-height=\"10\" data-height-tablet=\"10\" data-height-mobile=\"10\" style=\"clear:both;display:block;height:10px;\"><\/div>[vc_column_text css_animation=&#8221;appear&#8221;]504610120<br \/>\n503393525[\/vc_column_text][\/vc_column][vc_column width=&#8221;1\/3&#8243; offset=&#8221;vc_col-xs-12&#8243; css=&#8221;.vc_custom_1558017535984{padding-top: 20px !important;}&#8221;]<div class=\"text-center\"><i id=\"icon-69ddae8092a03\" style=\"font-size:32px;margin:0 10px;\" class=\"ti-location-pin   wpb_animate_when_almost_visible wpb_appear appear inline-block custom-icon\"><\/i><\/div><div class=\"tlg-spacer \" data-height=\"10\" data-height-tablet=\"10\" data-height-mobile=\"10\" style=\"clear:both;display:block;height:10px;\"><\/div><div class=\"tlg-spacer \" data-height=\"10\" data-height-tablet=\"10\" data-height-mobile=\"10\" style=\"clear:both;display:block;height:10px;\"><\/div>[vc_column_text css_animation=&#8221;appear&#8221;]IntegralData Sp. z o.o.<br \/>\nul. Lwowska 51\/8 (pierwsze pi\u0119tro)<br \/>\n22-100 Che\u0142m[\/vc_column_text][\/vc_column][vc_column width=&#8221;1\/3&#8243; offset=&#8221;vc_col-xs-12&#8243;]<div class=\"text-center\"><i id=\"icon-69ddae8092a40\" style=\"font-size:32px;margin:0 10px;\" class=\"ti-email   wpb_animate_when_almost_visible wpb_appear appear inline-block custom-icon\"><\/i><\/div><div class=\"tlg-spacer \" data-height=\"10\" data-height-tablet=\"10\" data-height-mobile=\"10\" style=\"clear:both;display:block;height:10px;\"><\/div>[vc_column_text css_animation=&#8221;appear&#8221;]kontakt@integraldata.pl[\/vc_column_text][vc_column_text css_animation=&#8221;appear&#8221;][\/vc_column_text][\/vc_column][\/vc_row]<\/p>\n<\/div>","protected":false},"excerpt":{"rendered":"<p>[vc_row full_width=&#8221;stretch_row&#8221;][vc_column css_animation=&#8221;left-to-right&#8221; offset=&#8221;vc_col-xs-12&#8243;][\/vc_column][\/vc_row][vc_row css_animation=&#8221;fadeIn&#8221; tlg_background_style=&#8221;bg-primary&#8221; tlg_padding=&#8221;pt64 pb64&#8243; el_id=&#8221;ofirmie&#8221;][vc_column width=&#8221;1\/3&#8243; offset=&#8221;vc_col-xs-12&#8243;][vc_column_text css_animation=&#8221;bottom-to-top&#8221;] Specjalizujemy si\u0119 w \u015bwiadczeniu&#8230;<\/p>\n","protected":false},"author":1,"featured_media":0,"parent":2013,"menu_order":0,"comment_status":"closed","ping_status":"closed","template":"","meta":{"footnotes":""},"class_list":["post-2055","page","type-page","status-publish","hentry"],"yoast_head":"<!-- This site is optimized with the Yoast SEO plugin v26.8 - https:\/\/yoast.com\/product\/yoast-seo-wordpress\/ -->\n<title>IntegralData -<\/title>\n<meta name=\"robots\" content=\"noindex, follow\" \/>\n<meta property=\"og:locale\" content=\"pl_PL\" \/>\n<meta property=\"og:type\" content=\"article\" \/>\n<meta property=\"og:title\" content=\"IntegralData -\" \/>\n<meta property=\"og:description\" content=\"[vc_row full_width=&#8221;stretch_row&#8221;][vc_column css_animation=&#8221;left-to-right&#8221; offset=&#8221;vc_col-xs-12&#8243;][\/vc_column][\/vc_row][vc_row css_animation=&#8221;fadeIn&#8221; tlg_background_style=&#8221;bg-primary&#8221; tlg_padding=&#8221;pt64 pb64&#8243; el_id=&#8221;ofirmie&#8221;][vc_column width=&#8221;1\/3&#8243; offset=&#8221;vc_col-xs-12&#8243;][vc_column_text css_animation=&#8221;bottom-to-top&#8221;] Specjalizujemy si\u0119 w \u015bwiadczeniu...\" \/>\n<meta property=\"og:url\" content=\"https:\/\/integraldata.pl\/\" \/>\n<meta property=\"article:modified_time\" content=\"2025-01-12T15:22:16+00:00\" \/>\n<meta name=\"twitter:card\" content=\"summary_large_image\" \/>\n<meta name=\"twitter:label1\" content=\"Szacowany czas czytania\" \/>\n\t<meta name=\"twitter:data1\" content=\"5 minut\" \/>\n<script type=\"application\/ld+json\" class=\"yoast-schema-graph\">{\"@context\":\"https:\/\/schema.org\",\"@graph\":[{\"@type\":\"WebPage\",\"@id\":\"https:\/\/integraldata.pl\/\",\"url\":\"https:\/\/integraldata.pl\/\",\"name\":\"IntegralData -\",\"isPartOf\":{\"@id\":\"https:\/\/integraldata.pl\/#website\"},\"datePublished\":\"2016-02-23T14:27:59+00:00\",\"dateModified\":\"2025-01-12T15:22:16+00:00\",\"breadcrumb\":{\"@id\":\"https:\/\/integraldata.pl\/#breadcrumb\"},\"inLanguage\":\"pl-PL\",\"potentialAction\":[{\"@type\":\"ReadAction\",\"target\":[\"https:\/\/integraldata.pl\/\"]}]},{\"@type\":\"BreadcrumbList\",\"@id\":\"https:\/\/integraldata.pl\/#breadcrumb\",\"itemListElement\":[{\"@type\":\"ListItem\",\"position\":1,\"name\":\"Strona g\u0142\u00f3wna\",\"item\":\"https:\/\/integraldata.pl\/\"},{\"@type\":\"ListItem\",\"position\":2,\"name\":\"Home\",\"item\":\"https:\/\/integraldata.pl\/?page_id=2013\"},{\"@type\":\"ListItem\",\"position\":3,\"name\":\"IntegralData\"}]},{\"@type\":\"WebSite\",\"@id\":\"https:\/\/integraldata.pl\/#website\",\"url\":\"https:\/\/integraldata.pl\/\",\"name\":\"\",\"description\":\"Outsourcing IT, us\u0142ugi zewn\u0119trznego informatyka, dokumentacja i wdro\u017cenia RODO, tworzenie stron WWW.\",\"potentialAction\":[{\"@type\":\"SearchAction\",\"target\":{\"@type\":\"EntryPoint\",\"urlTemplate\":\"https:\/\/integraldata.pl\/?s={search_term_string}\"},\"query-input\":{\"@type\":\"PropertyValueSpecification\",\"valueRequired\":true,\"valueName\":\"search_term_string\"}}],\"inLanguage\":\"pl-PL\"}]}<\/script>\n<!-- \/ Yoast SEO plugin. -->","yoast_head_json":{"title":"IntegralData -","robots":{"index":"noindex","follow":"follow"},"og_locale":"pl_PL","og_type":"article","og_title":"IntegralData -","og_description":"[vc_row full_width=&#8221;stretch_row&#8221;][vc_column css_animation=&#8221;left-to-right&#8221; offset=&#8221;vc_col-xs-12&#8243;][\/vc_column][\/vc_row][vc_row css_animation=&#8221;fadeIn&#8221; tlg_background_style=&#8221;bg-primary&#8221; tlg_padding=&#8221;pt64 pb64&#8243; el_id=&#8221;ofirmie&#8221;][vc_column width=&#8221;1\/3&#8243; offset=&#8221;vc_col-xs-12&#8243;][vc_column_text css_animation=&#8221;bottom-to-top&#8221;] Specjalizujemy si\u0119 w \u015bwiadczeniu...","og_url":"https:\/\/integraldata.pl\/","article_modified_time":"2025-01-12T15:22:16+00:00","twitter_card":"summary_large_image","twitter_misc":{"Szacowany czas czytania":"5 minut"},"schema":{"@context":"https:\/\/schema.org","@graph":[{"@type":"WebPage","@id":"https:\/\/integraldata.pl\/","url":"https:\/\/integraldata.pl\/","name":"IntegralData -","isPartOf":{"@id":"https:\/\/integraldata.pl\/#website"},"datePublished":"2016-02-23T14:27:59+00:00","dateModified":"2025-01-12T15:22:16+00:00","breadcrumb":{"@id":"https:\/\/integraldata.pl\/#breadcrumb"},"inLanguage":"pl-PL","potentialAction":[{"@type":"ReadAction","target":["https:\/\/integraldata.pl\/"]}]},{"@type":"BreadcrumbList","@id":"https:\/\/integraldata.pl\/#breadcrumb","itemListElement":[{"@type":"ListItem","position":1,"name":"Strona g\u0142\u00f3wna","item":"https:\/\/integraldata.pl\/"},{"@type":"ListItem","position":2,"name":"Home","item":"https:\/\/integraldata.pl\/?page_id=2013"},{"@type":"ListItem","position":3,"name":"IntegralData"}]},{"@type":"WebSite","@id":"https:\/\/integraldata.pl\/#website","url":"https:\/\/integraldata.pl\/","name":"","description":"Outsourcing IT, us\u0142ugi zewn\u0119trznego informatyka, dokumentacja i wdro\u017cenia RODO, tworzenie stron WWW.","potentialAction":[{"@type":"SearchAction","target":{"@type":"EntryPoint","urlTemplate":"https:\/\/integraldata.pl\/?s={search_term_string}"},"query-input":{"@type":"PropertyValueSpecification","valueRequired":true,"valueName":"search_term_string"}}],"inLanguage":"pl-PL"}]}},"_links":{"self":[{"href":"https:\/\/integraldata.pl\/index.php?rest_route=\/wp\/v2\/pages\/2055","targetHints":{"allow":["GET"]}}],"collection":[{"href":"https:\/\/integraldata.pl\/index.php?rest_route=\/wp\/v2\/pages"}],"about":[{"href":"https:\/\/integraldata.pl\/index.php?rest_route=\/wp\/v2\/types\/page"}],"author":[{"embeddable":true,"href":"https:\/\/integraldata.pl\/index.php?rest_route=\/wp\/v2\/users\/1"}],"replies":[{"embeddable":true,"href":"https:\/\/integraldata.pl\/index.php?rest_route=%2Fwp%2Fv2%2Fcomments&post=2055"}],"version-history":[{"count":217,"href":"https:\/\/integraldata.pl\/index.php?rest_route=\/wp\/v2\/pages\/2055\/revisions"}],"predecessor-version":[{"id":5902,"href":"https:\/\/integraldata.pl\/index.php?rest_route=\/wp\/v2\/pages\/2055\/revisions\/5902"}],"up":[{"embeddable":true,"href":"https:\/\/integraldata.pl\/index.php?rest_route=\/wp\/v2\/pages\/2013"}],"wp:attachment":[{"href":"https:\/\/integraldata.pl\/index.php?rest_route=%2Fwp%2Fv2%2Fmedia&parent=2055"}],"curies":[{"name":"wp","href":"https:\/\/api.w.org\/{rel}","templated":true}]}}